{"id":11639,"date":"2024-03-05T13:26:07","date_gmt":"2024-03-05T13:26:07","guid":{"rendered":"https:\/\/westislandrealestateagent.com\/?page_id=11639"},"modified":"2024-03-15T21:41:03","modified_gmt":"2024-03-15T21:41:03","slug":"nous-contacter","status":"publish","type":"page","link":"https:\/\/estatemontreal.com\/fr\/nous-contacter\/","title":{"rendered":"Nous contacter"},"content":{"rendered":"<p><div class=\"fusion-fullwidth fullwidth-box fusion-builder-row-1 fusion-flex-container has-pattern-background has-mask-background hundred-percent-fullwidth non-hundred-percent-height-scrolling\" style=\"--awb-border-radius-top-left:0px;--awb-border-radius-top-right:0px;--awb-border-radius-bottom-right:0px;--awb-border-radius-bottom-left:0px;--awb-padding-right:0px;--awb-padding-bottom:0px;--awb-padding-left:0px;--awb-margin-bottom:0px;--awb-flex-wrap:wrap;\" ><div class=\"fusion-builder-row fusion-row fusion-flex-align-items-flex-start fusion-flex-content-wrap\" style=\"width:104% !important;max-width:104% !important;margin-left: calc(-4% \/ 2 );margin-right: calc(-4% \/ 2 );\"><div class=\"fusion-layout-column fusion_builder_column fusion-builder-column-0 fusion_builder_column_1_1 1_1 fusion-flex-column\" style=\"--awb-bg-size:cover;--awb-width-large:100%;--awb-margin-top-large:0px;--awb-spacing-right-large:1.92%;--awb-margin-bottom-large:20px;--awb-spacing-left-large:1.92%;--awb-width-medium:100%;--awb-order-medium:0;--awb-spacing-right-medium:1.92%;--awb-spacing-left-medium:1.92%;--awb-width-small:100%;--awb-order-small:0;--awb-spacing-right-small:1.92%;--awb-spacing-left-small:1.92%;\"><div class=\"fusion-column-wrapper fusion-column-has-shadow fusion-flex-justify-content-flex-start fusion-content-layout-column\">\t\t\t\t\t<script type=\"text\/javascript\">\n\t\t\t\t\t\tvar map_fusion_map_69fa17d29c81b;\n\t\t\t\t\t\tvar markers = [];\n\t\t\t\t\t\tvar counter = 0;\n\t\t\t\t\t\t\t\t\t\t\t\t\t\t\t\t\t\t\t\tvar fusionMapNonce = '3f50728c56';\n\t\t\t\t\t\t\t\t\t\t\t\tfunction fusion_run_map_fusion_map_69fa17d29c81b() {\n\t\t\t\t\t\t\tjQuery('#fusion_map_69fa17d29c81b').fusion_maps({\n\t\t\t\t\t\t\t\taddresses: [{\"address\":\"3535 Boulevard Saint-Charles #304 Kirkland, QC H9H 5B9\",\"infobox_content\":\"3535 Boulevard Saint-Charles #304 Kirkland, QC H9H 5B9\",\"coordinates\":false,\"cache\":true,\"latitude\":\"45.4568825\",\"longitude\":\"-73.8617703\"}],\n\t\t\t\t\t\t\t\tanimations: false,\n\t\t\t\t\t\t\t\tinfobox_background_color: '',\n\t\t\t\t\t\t\t\tinfobox_styling: 'default',\n\t\t\t\t\t\t\t\tinfobox_text_color: '',\n\t\t\t\t\t\t\t\tmap_style: 'default',\n\t\t\t\t\t\t\t\tmap_type: 'roadmap',\n\t\t\t\t\t\t\t\tmarker_icon: '',\n\t\t\t\t\t\t\t\toverlay_color: '',\n\t\t\t\t\t\t\t\toverlay_color_hsl: {\"hue\":0,\"sat\":0,\"lum\":100},\n\t\t\t\t\t\t\t\tpan_control: true,\n\t\t\t\t\t\t\t\tshow_address: true,\n\t\t\t\t\t\t\t\tscale_control: true,\n\t\t\t\t\t\t\t\tscrollwheel: true,\n\t\t\t\t\t\t\t\tzoom: 14,\n\t\t\t\t\t\t\t\tzoom_control: true,\n\t\t\t\t\t\t\t});\n\t\t\t\t\t\t}\n\n\t\t\t\t\t\tgoogle.maps.event.addDomListener(window, 'load', fusion_run_map_fusion_map_69fa17d29c81b);\n\t\t\t\t\t<\/script>\n\t\t\t\t\t<div class=\"shortcode-map fusion-google-map fusion-maps-js-type\" id=\"fusion_map_69fa17d29c81b\"><\/div><\/div><\/div><\/div><\/div><div class=\"fusion-fullwidth fullwidth-box fusion-builder-row-2 fusion-flex-container has-pattern-background has-mask-background nonhundred-percent-fullwidth non-hundred-percent-height-scrolling\" style=\"--awb-border-radius-top-left:0px;--awb-border-radius-top-right:0px;--awb-border-radius-bottom-right:0px;--awb-border-radius-bottom-left:0px;--awb-padding-right:0px;--awb-padding-left:0px;--awb-margin-top:50px;--awb-margin-bottom:50px;--awb-margin-bottom-medium:0px;--awb-margin-top-small:25px;--awb-margin-bottom-small:0px;--awb-flex-wrap:wrap;\" ><div class=\"fusion-builder-row fusion-row fusion-flex-align-items-flex-start fusion-flex-content-wrap\" style=\"max-width:1216.8px;margin-left: calc(-4% \/ 2 );margin-right: calc(-4% \/ 2 );\"><div class=\"fusion-layout-column fusion_builder_column fusion-builder-column-1 fusion_builder_column_1_1 1_1 fusion-flex-column\" style=\"--awb-bg-size:cover;--awb-width-large:100%;--awb-margin-top-large:0px;--awb-spacing-right-large:1.92%;--awb-margin-bottom-large:50px;--awb-spacing-left-large:1.92%;--awb-width-medium:100%;--awb-order-medium:0;--awb-spacing-right-medium:1.92%;--awb-margin-bottom-medium:0px;--awb-spacing-left-medium:1.92%;--awb-width-small:100%;--awb-order-small:0;--awb-spacing-right-small:1.92%;--awb-spacing-left-small:1.92%;\" data-scroll-devices=\"small-visibility,medium-visibility,large-visibility\"><div class=\"fusion-column-wrapper fusion-column-has-shadow fusion-flex-justify-content-space-evenly fusion-content-layout-column\"><div class=\"fusion-builder-row fusion-builder-row-inner fusion-row fusion-flex-align-items-flex-start fusion-flex-content-wrap\" style=\"width:104% !important;max-width:104% !important;margin-left: calc(-4% \/ 2 );margin-right: calc(-4% \/ 2 );\"><div class=\"fusion-layout-column fusion_builder_column_inner fusion-builder-nested-column-0 fusion_builder_column_inner_1_2 1_2 fusion-flex-column fusion-flex-align-self-center\" style=\"--awb-padding-right-medium:5%;--awb-padding-left-medium:5%;--awb-padding-right-small:5%;--awb-padding-left-small:5%;--awb-bg-size:cover;--awb-width-large:50%;--awb-margin-top-large:0px;--awb-spacing-right-large:3.84%;--awb-margin-bottom-large:0px;--awb-spacing-left-large:3.84%;--awb-width-medium:100%;--awb-order-medium:0;--awb-spacing-right-medium:1.92%;--awb-margin-bottom-medium:0px;--awb-spacing-left-medium:1.92%;--awb-width-small:100%;--awb-order-small:0;--awb-spacing-right-small:1.92%;--awb-margin-bottom-small:0px;--awb-spacing-left-small:1.92%;\"><div class=\"fusion-column-wrapper fusion-column-has-shadow fusion-flex-justify-content-flex-start fusion-content-layout-column\"><div class=\"fusion-title title fusion-title-1 fusion-title-text fusion-title-size-two\" style=\"--awb-text-color:var(--awb-color8);--awb-margin-bottom:20px;--awb-font-size:var(--awb-typography2-font-size);\"><div class=\"title-sep-container title-sep-container-left fusion-no-large-visibility fusion-no-medium-visibility fusion-no-small-visibility\"><div class=\"title-sep sep- sep-solid\" style=\"border-color:var(--awb-color3);\"><\/div><\/div><span class=\"awb-title-spacer fusion-no-large-visibility fusion-no-medium-visibility fusion-no-small-visibility\"><\/span><h2 class=\"fusion-title-heading title-heading-left fusion-responsive-typography-calculated\" style=\"font-family:var(--awb-typography2-font-family);font-weight:var(--awb-typography2-font-weight);font-style:var(--awb-typography2-font-style);margin:0;font-size:1em;letter-spacing:var(--awb-typography2-letter-spacing);text-transform:var(--awb-typography2-text-transform);--fontSize:41;line-height:var(--awb-typography2-line-height);\">Connectez-vous !<\/h2><span class=\"awb-title-spacer\"><\/span><div class=\"title-sep-container title-sep-container-right\"><div class=\"title-sep sep- sep-solid\" style=\"border-color:var(--awb-color3);\"><\/div><\/div><\/div><div class=\"fusion-text fusion-text-1\" style=\"--awb-content-alignment:justify;--awb-font-size:var(--awb-typography4-font-size);--awb-line-height:var(--awb-typography4-line-height);--awb-letter-spacing:var(--awb-typography4-letter-spacing);--awb-text-transform:var(--awb-typography4-text-transform);--awb-text-color:var(--awb-color8);--awb-text-font-family:var(--awb-typography4-font-family);--awb-text-font-weight:var(--awb-typography4-font-weight);--awb-text-font-style:var(--awb-typography4-font-style);\"><p>Chez Estate Montreal, nous sommes l\u00e0 pour vous aider \u00e0 chaque \u00e9tape de votre parcours immobilier. Que vous cherchiez \u00e0 investir dans le march\u00e9 dynamique de Montr\u00e9al, \u00e0 vendre votre propri\u00e9t\u00e9 ou que vous ayez des questions sur nos services, notre \u00e9quipe de professionnels d\u00e9vou\u00e9s est pr\u00eate \u00e0 vous fournir des conseils d&rsquo;experts et des solutions personnalis\u00e9es. N&rsquo;h\u00e9sitez pas \u00e0 nous contacter par le biais de notre formulaire de contact, par courriel ou par t\u00e9l\u00e9phone. Ensemble, lib\u00e9rons le potentiel de vos ambitions immobili\u00e8res.<\/p>\n<\/div><ul style=\"--awb-size:18px;--awb-iconcolor:var(--awb-color4);--awb-textcolor:var(--awb-color8);--awb-line-height:30.6px;--awb-icon-width:30.6px;--awb-icon-height:30.6px;--awb-icon-margin:12.6px;--awb-content-margin:43.2px;\" class=\"fusion-checklist fusion-checklist-1 fusion-checklist-default type-icons contact-checklist\"><li class=\"fusion-li-item\" style=\"--awb-iconcolor:var(--awb-color4);\"><span class=\"icon-wrapper circle-no\"><i class=\"fusion-li-icon fa-phone-alt fas\" aria-hidden=\"true\"><\/i><\/span><div class=\"fusion-li-item-content\">\n<p><span style=\"font-family: myriad-pro; color: #000000;\"><a style=\"color: #000000;\" href=\"tel:15142461085\"><span style=\"vertical-align: inherit;\"><span style=\"vertical-align: inherit;\">(514) 246-1085<\/span><\/span><\/a><\/span><\/p>\n<\/div><\/li><li class=\"fusion-li-item\" style=\"\"><span class=\"icon-wrapper circle-no\"><i class=\"fusion-li-icon fa-envelope fas\" aria-hidden=\"true\"><\/i><\/span><div class=\"fusion-li-item-content\">\n<p><span style=\"font-family: myriad-pro;\"><a href=\"mailto:%20info@estatemontreal.com\"><span class=\"elementor-icon-list-text\"><span style=\"vertical-align: inherit;\"><span style=\"vertical-align: inherit;\">info@estatemontreal.com<\/span><\/span><\/span><\/a><\/span><\/p>\n<\/div><\/li><li class=\"fusion-li-item\" style=\"\"><span class=\"icon-wrapper circle-no\"><i class=\"fusion-li-icon fa-map-marker-alt fas\" aria-hidden=\"true\"><\/i><\/span><div class=\"fusion-li-item-content\">\n<p><span style=\"font-family: myriad-pro; color: #000000;\">3535 Boulevard Saint-Charles #304<\/span><br \/>\n<span style=\"font-family: myriad-pro; color: #000000;\">Kirkland, QC H9H 5B9<\/span><\/p>\n<\/div><\/li><\/ul><\/div><\/div><div class=\"fusion-layout-column fusion_builder_column_inner fusion-builder-nested-column-1 fusion-flex-column\" style=\"--awb-bg-color:#ffffff;--awb-bg-color-hover:#ffffff;--awb-bg-size:cover;--awb-width-large:10%;--awb-margin-top-large:0px;--awb-spacing-right-large:0%;--awb-margin-bottom-large:20px;--awb-spacing-left-large:19.2%;--awb-width-medium:100%;--awb-order-medium:0;--awb-spacing-right-medium:1.92%;--awb-spacing-left-medium:1.92%;--awb-width-small:100%;--awb-order-small:0;--awb-spacing-right-small:1.92%;--awb-margin-bottom-small:0px;--awb-spacing-left-small:1.92%;\"><div class=\"fusion-column-wrapper fusion-column-has-shadow fusion-flex-justify-content-flex-start fusion-content-layout-column\"><\/div><\/div><div class=\"fusion-layout-column fusion_builder_column_inner fusion-builder-nested-column-2 fusion_builder_column_inner_2_5 2_5 fusion-flex-column\" style=\"--awb-bg-color:var(--awb-color8);--awb-bg-color-hover:var(--awb-color8);--awb-bg-size:cover;--awb-width-large:40%;--awb-margin-top-large:0px;--awb-spacing-right-large:0%;--awb-margin-bottom-large:0px;--awb-spacing-left-large:0%;--awb-width-medium:100%;--awb-order-medium:0;--awb-margin-top-medium:10%;--awb-spacing-right-medium:1.92%;--awb-spacing-left-medium:1.92%;--awb-width-small:100%;--awb-order-small:0;--awb-margin-top-small:10%;--awb-spacing-right-small:1.92%;--awb-spacing-left-small:1.92%;\"><div class=\"fusion-column-wrapper fusion-column-has-shadow fusion-flex-justify-content-flex-start fusion-content-layout-column\"><div class=\"fusion-image-element \" style=\"--awb-margin-top:10%;--awb-margin-right:10%;--awb-margin-bottom:-10%;--awb-margin-left:-20%;--awb-margin-top-medium:-10%;--awb-margin-right-medium:5%;--awb-margin-bottom-medium:5%;--awb-margin-left-medium:5%;--awb-margin-top-small:-10%;--awb-margin-right-small:5%;--awb-margin-bottom-small:5%;--awb-margin-left-small:5%;--awb-caption-title-font-family:var(--h2_typography-font-family);--awb-caption-title-font-weight:var(--h2_typography-font-weight);--awb-caption-title-font-style:var(--h2_typography-font-style);--awb-caption-title-size:var(--h2_typography-font-size);--awb-caption-title-transform:var(--h2_typography-text-transform);--awb-caption-title-line-height:var(--h2_typography-line-height);--awb-caption-title-letter-spacing:var(--h2_typography-letter-spacing);\"><span class=\" fusion-imageframe imageframe-none imageframe-1 hover-type-none\" style=\"border:2px solid var(--awb-color8);\"><img fetchpriority=\"high\" fetchpriority=\"high\" decoding=\"async\" width=\"900\" height=\"600\" title=\"Real Estate Agents Discussing Housing\" src=\"https:\/\/estatemontreal.com\/wp-content\/uploads\/2024\/03\/contact-us-1.jpg\" data-orig-src=\"https:\/\/estatemontreal.com\/wp-content\/uploads\/2024\/03\/contact-us-1.jpg\" alt class=\"lazyload img-responsive wp-image-11334\" srcset=\"data:image\/svg+xml,%3Csvg%20xmlns%3D%27http%3A%2F%2Fwww.w3.org%2F2000%2Fsvg%27%20width%3D%27900%27%20height%3D%27600%27%20viewBox%3D%270%200%20900%20600%27%3E%3Crect%20width%3D%27900%27%20height%3D%27600%27%20fill-opacity%3D%220%22%2F%3E%3C%2Fsvg%3E\" data-srcset=\"https:\/\/estatemontreal.com\/wp-content\/uploads\/2024\/03\/contact-us-1-200x133.jpg 200w, https:\/\/estatemontreal.com\/wp-content\/uploads\/2024\/03\/contact-us-1-400x267.jpg 400w, https:\/\/estatemontreal.com\/wp-content\/uploads\/2024\/03\/contact-us-1-600x400.jpg 600w, https:\/\/estatemontreal.com\/wp-content\/uploads\/2024\/03\/contact-us-1-800x533.jpg 800w, https:\/\/estatemontreal.com\/wp-content\/uploads\/2024\/03\/contact-us-1.jpg 900w\" data-sizes=\"auto\" data-orig-sizes=\"(max-width: 1024px) 100vw, (max-width: 640px) 100vw, 600px\" \/><\/span><\/div><\/div><\/div><\/div><\/div><\/div><\/div><\/div><\/p>\n","protected":false},"excerpt":{"rendered":"","protected":false},"author":1,"featured_media":0,"parent":0,"menu_order":0,"comment_status":"closed","ping_status":"closed","template":"100-width.php","meta":{"footnotes":""},"class_list":["post-11639","page","type-page","status-publish","hentry"],"yoast_head":"<!-- This site is optimized with the Yoast SEO plugin v26.6 - https:\/\/yoast.com\/wordpress\/plugins\/seo\/ -->\n<title>Nous contacter - Estate Montreal<\/title>\n<meta name=\"robots\" content=\"index, follow, max-snippet:-1, max-image-preview:large, max-video-preview:-1\" \/>\n<link rel=\"canonical\" href=\"https:\/\/estatemontreal.com\/fr\/nous-contacter\/\" \/>\n<meta property=\"og:locale\" content=\"fr_FR\" \/>\n<meta property=\"og:type\" content=\"article\" \/>\n<meta property=\"og:title\" content=\"Nous contacter - Estate Montreal\" \/>\n<meta property=\"og:url\" content=\"https:\/\/estatemontreal.com\/fr\/nous-contacter\/\" \/>\n<meta property=\"og:site_name\" content=\"Estate Montreal\" \/>\n<meta property=\"article:publisher\" content=\"https:\/\/www.facebook.com\/EstateMontreal\" \/>\n<meta property=\"article:modified_time\" content=\"2024-03-15T21:41:03+00:00\" \/>\n<meta property=\"og:image\" content=\"https:\/\/estatemontreal.com\/wp-content\/uploads\/2025\/05\/og.jpg\" \/>\n\t<meta property=\"og:image:width\" content=\"1856\" \/>\n\t<meta property=\"og:image:height\" content=\"944\" \/>\n\t<meta property=\"og:image:type\" content=\"image\/jpeg\" \/>\n<meta name=\"twitter:card\" content=\"summary_large_image\" \/>\n<meta name=\"twitter:label1\" content=\"Dur\u00e9e de lecture estim\u00e9e\" \/>\n\t<meta name=\"twitter:data1\" content=\"12 minutes\" \/>\n<script type=\"application\/ld+json\" class=\"yoast-schema-graph\">{\"@context\":\"https:\/\/schema.org\",\"@graph\":[{\"@type\":\"WebPage\",\"@id\":\"https:\/\/estatemontreal.com\/fr\/nous-contacter\/\",\"url\":\"https:\/\/estatemontreal.com\/fr\/nous-contacter\/\",\"name\":\"Nous contacter - Estate Montreal\",\"isPartOf\":{\"@id\":\"https:\/\/estatemontreal.com\/#website\"},\"datePublished\":\"2024-03-05T13:26:07+00:00\",\"dateModified\":\"2024-03-15T21:41:03+00:00\",\"breadcrumb\":{\"@id\":\"https:\/\/estatemontreal.com\/fr\/nous-contacter\/#breadcrumb\"},\"inLanguage\":\"fr-FR\",\"potentialAction\":[{\"@type\":\"ReadAction\",\"target\":[\"https:\/\/estatemontreal.com\/fr\/nous-contacter\/\"]}]},{\"@type\":\"BreadcrumbList\",\"@id\":\"https:\/\/estatemontreal.com\/fr\/nous-contacter\/#breadcrumb\",\"itemListElement\":[{\"@type\":\"ListItem\",\"position\":1,\"name\":\"Home\",\"item\":\"https:\/\/estatemontreal.com\/fr\/\"},{\"@type\":\"ListItem\",\"position\":2,\"name\":\"Nous contacter\"}]},{\"@type\":\"WebSite\",\"@id\":\"https:\/\/estatemontreal.com\/#website\",\"url\":\"https:\/\/estatemontreal.com\/\",\"name\":\"Estate Montreal\",\"description\":\"Maximizing Your Valuable Assets\",\"publisher\":{\"@id\":\"https:\/\/estatemontreal.com\/#organization\"},\"potentialAction\":[{\"@type\":\"SearchAction\",\"target\":{\"@type\":\"EntryPoint\",\"urlTemplate\":\"https:\/\/estatemontreal.com\/?s={search_term_string}\"},\"query-input\":{\"@type\":\"PropertyValueSpecification\",\"valueRequired\":true,\"valueName\":\"search_term_string\"}}],\"inLanguage\":\"fr-FR\"},{\"@type\":\"Organization\",\"@id\":\"https:\/\/estatemontreal.com\/#organization\",\"name\":\"Estate Montreal\",\"url\":\"https:\/\/estatemontreal.com\/\",\"logo\":{\"@type\":\"ImageObject\",\"inLanguage\":\"fr-FR\",\"@id\":\"https:\/\/estatemontreal.com\/#\/schema\/logo\/image\/\",\"url\":\"https:\/\/estatemontreal.com\/wp-content\/uploads\/2023\/12\/EstateMontreal-Logo-Final-min.png\",\"contentUrl\":\"https:\/\/estatemontreal.com\/wp-content\/uploads\/2023\/12\/EstateMontreal-Logo-Final-min.png\",\"width\":40194,\"height\":3792,\"caption\":\"Estate Montreal\"},\"image\":{\"@id\":\"https:\/\/estatemontreal.com\/#\/schema\/logo\/image\/\"},\"sameAs\":[\"https:\/\/www.facebook.com\/EstateMontreal\",\"https:\/\/www.youtube.com\/channel\/UCjBTbi5upFPK3kC2K_JRbaA\",\"https:\/\/www.instagram.com\/estatemontreal\/\",\"https:\/\/www.linkedin.com\/company\/estatemontreal\/\"]}]}<\/script>\n<!-- \/ Yoast SEO plugin. -->","yoast_head_json":{"title":"Nous contacter - Estate Montreal","robots":{"index":"index","follow":"follow","max-snippet":"max-snippet:-1","max-image-preview":"max-image-preview:large","max-video-preview":"max-video-preview:-1"},"canonical":"https:\/\/estatemontreal.com\/fr\/nous-contacter\/","og_locale":"fr_FR","og_type":"article","og_title":"Nous contacter - Estate Montreal","og_url":"https:\/\/estatemontreal.com\/fr\/nous-contacter\/","og_site_name":"Estate Montreal","article_publisher":"https:\/\/www.facebook.com\/EstateMontreal","article_modified_time":"2024-03-15T21:41:03+00:00","og_image":[{"width":1856,"height":944,"url":"https:\/\/estatemontreal.com\/wp-content\/uploads\/2025\/05\/og.jpg","type":"image\/jpeg"}],"twitter_card":"summary_large_image","twitter_misc":{"Dur\u00e9e de lecture estim\u00e9e":"12 minutes"},"schema":{"@context":"https:\/\/schema.org","@graph":[{"@type":"WebPage","@id":"https:\/\/estatemontreal.com\/fr\/nous-contacter\/","url":"https:\/\/estatemontreal.com\/fr\/nous-contacter\/","name":"Nous contacter - Estate Montreal","isPartOf":{"@id":"https:\/\/estatemontreal.com\/#website"},"datePublished":"2024-03-05T13:26:07+00:00","dateModified":"2024-03-15T21:41:03+00:00","breadcrumb":{"@id":"https:\/\/estatemontreal.com\/fr\/nous-contacter\/#breadcrumb"},"inLanguage":"fr-FR","potentialAction":[{"@type":"ReadAction","target":["https:\/\/estatemontreal.com\/fr\/nous-contacter\/"]}]},{"@type":"BreadcrumbList","@id":"https:\/\/estatemontreal.com\/fr\/nous-contacter\/#breadcrumb","itemListElement":[{"@type":"ListItem","position":1,"name":"Home","item":"https:\/\/estatemontreal.com\/fr\/"},{"@type":"ListItem","position":2,"name":"Nous contacter"}]},{"@type":"WebSite","@id":"https:\/\/estatemontreal.com\/#website","url":"https:\/\/estatemontreal.com\/","name":"Estate Montreal","description":"Maximizing Your Valuable Assets","publisher":{"@id":"https:\/\/estatemontreal.com\/#organization"},"potentialAction":[{"@type":"SearchAction","target":{"@type":"EntryPoint","urlTemplate":"https:\/\/estatemontreal.com\/?s={search_term_string}"},"query-input":{"@type":"PropertyValueSpecification","valueRequired":true,"valueName":"search_term_string"}}],"inLanguage":"fr-FR"},{"@type":"Organization","@id":"https:\/\/estatemontreal.com\/#organization","name":"Estate Montreal","url":"https:\/\/estatemontreal.com\/","logo":{"@type":"ImageObject","inLanguage":"fr-FR","@id":"https:\/\/estatemontreal.com\/#\/schema\/logo\/image\/","url":"https:\/\/estatemontreal.com\/wp-content\/uploads\/2023\/12\/EstateMontreal-Logo-Final-min.png","contentUrl":"https:\/\/estatemontreal.com\/wp-content\/uploads\/2023\/12\/EstateMontreal-Logo-Final-min.png","width":40194,"height":3792,"caption":"Estate Montreal"},"image":{"@id":"https:\/\/estatemontreal.com\/#\/schema\/logo\/image\/"},"sameAs":["https:\/\/www.facebook.com\/EstateMontreal","https:\/\/www.youtube.com\/channel\/UCjBTbi5upFPK3kC2K_JRbaA","https:\/\/www.instagram.com\/estatemontreal\/","https:\/\/www.linkedin.com\/company\/estatemontreal\/"]}]}},"_links":{"self":[{"href":"https:\/\/estatemontreal.com\/fr\/wp-json\/wp\/v2\/pages\/11639","targetHints":{"allow":["GET"]}}],"collection":[{"href":"https:\/\/estatemontreal.com\/fr\/wp-json\/wp\/v2\/pages"}],"about":[{"href":"https:\/\/estatemontreal.com\/fr\/wp-json\/wp\/v2\/types\/page"}],"author":[{"embeddable":true,"href":"https:\/\/estatemontreal.com\/fr\/wp-json\/wp\/v2\/users\/1"}],"replies":[{"embeddable":true,"href":"https:\/\/estatemontreal.com\/fr\/wp-json\/wp\/v2\/comments?post=11639"}],"version-history":[{"count":2,"href":"https:\/\/estatemontreal.com\/fr\/wp-json\/wp\/v2\/pages\/11639\/revisions"}],"predecessor-version":[{"id":11641,"href":"https:\/\/estatemontreal.com\/fr\/wp-json\/wp\/v2\/pages\/11639\/revisions\/11641"}],"wp:attachment":[{"href":"https:\/\/estatemontreal.com\/fr\/wp-json\/wp\/v2\/media?parent=11639"}],"curies":[{"name":"wp","href":"https:\/\/api.w.org\/{rel}","templated":true}]}}